{"id":425,"date":"2022-04-21T16:39:47","date_gmt":"2022-04-21T14:39:47","guid":{"rendered":"https:\/\/www.bagnoromafiumetto.it\/wp\/privacy-policy\/"},"modified":"2022-04-23T18:24:19","modified_gmt":"2022-04-23T16:24:19","slug":"privacy-policy","status":"publish","type":"page","link":"https:\/\/www.bagnoromafiumetto.it\/en\/privacy-policy\/","title":{"rendered":"Privacy &#038; Cookie Policy"},"content":{"rendered":"<p><strong>1. INTRODUZIONE<\/strong><br \/>\nLa Tua privacy \u00e8 importante per Bagno Roma Fiumetto S.r.l., pertanto abbiamo adottato una Politica privacy relativa al modo in cui raccogliamo, utilizziamo, divulghiamo, trasferiamo e memorizziamo i tuoi dati. Ti invitiamo a leggere il presente documento per conoscere i nostri criteri di tutela della privacy, e a contattarci per maggiori informazioni.<br \/>\nCon questo documento Bagno Roma Fiumetto S.r.l. ti fornisce, ai sensi dell\u2019articolo 13 e 14 del Regolamento europeo n. 2016\/679 relativo alla protezione delle persone fisiche con riguardo al trattamento dei dati personali (di seguito \u201cGDPR\u201d), alcune informazioni relative all\u2019utilizzo del sito web [INSERIRE INDIRIZZO SITO] (per il prosieguo solo \u201cSito\u201d) e ad eventuali trattamenti di dati personali ad esso connessi.<\/p>\n<p><strong>2. DATI TRATTATI E NATURA DEL CONFERIMENTO<\/strong><br \/>\n2.1\u00a0Dati raccolti durante l\u2019utilizzo del sito web<br \/>\nI dati personali possono essere utilizzati per identificare o contattare l\u2019utente, nonch\u00e9 per offrire servizi migliori a tutti i nostri clienti\/utenti.<br \/>\nDati raccolti automaticamente<br \/>\nI sistemi informatici e le procedure software preposte al funzionamento del sito web e di tutte le applicazioni di Bagno Roma Fiumetto S.r.l. acquisiscono, nel corso del loro normale esercizio, alcuni dati personali la cui trasmissione \u00e8 implicita nell\u2019uso dei protocolli di comunicazione di Internet. Si tratta di informazioni che non sono raccolte per essere associate a interessati identificati, ma che, per loro stessa natura, potrebbero, attraverso elaborazioni ed associazioni con dati detenuti da terzi, permettere di identificare gli utenti. In questa categoria di dati rientrano l\u2019indirizzo IP o il nome a dominio del dispositivo utilizzato, il sistema operativo, il modello e la marca del \u00a0dispositivo, l\u2019operatore di telefonia, gli indirizzi in dotazione URI (Uniform Resource Identifier) delle risorse richieste, l\u2019orario della richiesta, il metodo utilizzato nel sottoporre la richiesta al server, la dimensione del file ottenuto in risposta, il codice numerico indicante lo stato della risposta data dal server (buon fine, errore, ecc.) ed altri parametri relativi al sistema operativo e all\u2019ambiente informatico del tuo dispositivo. Questi dati sono utilizzati per elaborare statistiche anonime sull\u2019uso del sito web e per controllarne il corretto funzionamento.<br \/>\nDati forniti volontariamente dall\u2019utente<br \/>\nSe scegli di interagire con i form presenti, potresti dover inviare e\/o fornire alcune informazioni personali, necessarie per identificarti e\/o per riscontrare le tue richieste. Le informazioni che potrebbero esserti richieste sono, a mero titolo esemplificativo: nome e cognome, indirizzo e-mail e tipologia di richiesta. L\u2019utente \u00e8 responsabile della esattezza delle informazioni personali inviate\/fornite a Bagno Roma Fiumetto S.r.l.<br \/>\n2.2 Conferimento dei dati<br \/>\nA parte quanto specificato per i dati di navigazione, l&#8217;utente \u00e8 libero di fornire i propri dati personali. Il loro mancato conferimento potrebbe per\u00f2 comportare l&#8217;impossibilit\u00e0 di ottenere quanto richiesto.<\/p>\n<p><strong>3. FINALIT\u00c0 DEL TRATTAMENTO E BASI GIURIDICHE<\/strong><br \/>\n3.1\u00a0I Tuoi dati saranno trattati:<br \/>\nper permetterti di utilizzare le funzioni messe a disposizione dal sito;<br \/>\nper dare riscontro alle tue eventuali richieste;<br \/>\nper la gestione tecnica dei servizi del sito;<br \/>\nper esercitare i diritti del Titolare;<\/p>\n<p>Altre finalit\u00e0 potranno essere indicate nelle informative connesse all\u2019uso di specifici servizi.<br \/>\n3.2 Le basi giuridiche dei trattamenti<br \/>\nIn relazione alle finalit\u00e0 3.1.a e 3.1.b, la base giuridica del trattamento \u00e8 l\u2019esecuzione di un contratto di cui l&#8217;interessato \u00e8 parte e\/o l\u2019esecuzione di misure precontrattuali adottate su richiesta dello stesso.<br \/>\nPer le finalit\u00e0 3.1.c e 3.1.d, la base giuridica del trattamento \u00e8 l\u2019interesse legittimo del Titolare ad una corretta amministrazione dei sistemi, nonch\u00e9 ad esercitare e difendere i propri diritti.<\/p>\n<p><strong>4. PERIODO DI CONSERVAZIONE<\/strong><br \/>\nI tuoi dati saranno trattati per tutta la durata del contratto e\/o del servizio e per il tempo necessario ad evadere le tue richieste. Se richiesto dalla legge i dati saranno conservati per il termine previsto dalla normativa.<br \/>\nDecorsi i termini di conservazione sopra indicati, i tuoi dati personali saranno distrutti, cancellati o resi anonimi, compatibilmente con le procedure tecniche di cancellazione e backup.<\/p>\n<p><strong>5. MODALIT\u00c0 DI TRATTAMENTO E LORO USO<\/strong><br \/>\nI dati verranno trattati, nel rispetto della sicurezza e della riservatezza necessaria, raccolti e registrati per scopi determinati, espliciti e legittimi.<br \/>\nOgni trattamento dei dati \u00e8 improntato ai principi di correttezza, liceit\u00e0 e trasparenza e potr\u00e0 essere effettuato sia manualmente sia attraverso modalit\u00e0 automatizzate ed avverr\u00e0 mediante misure tecniche e organizzative adeguate, evitando il rischio di perdita, distruzione, accesso o divulgazione non autorizzati o, comunque, uso illecito, nonch\u00e9 mediante misure ragionevoli per cancellare o rettificare tempestivamente i dati eventualmente inesatti.<\/p>\n<p><strong>6. DESTINATARI DEI DATI<\/strong><br \/>\nI dati personali forniti saranno trattati da personale incaricato, opportunamente istruito e operante sotto l\u2019autorit\u00e0 e la responsabilit\u00e0 del Titolare.<br \/>\nI tuoi dati personali potranno essere trattati, inoltre, da soggetti terzi che forniscono servizi strumentali, tra cui servizi di comunicazione, posta elettronica, recapito della corrispondenza, servizi tecnici per la gestione del Sito, fornitori di servizi informatici o, a seconda delle richieste, a fornitori di servizi inerenti la natura del reclamo o del suggerimento. Ai soggetti sopra indicati saranno comunicati solo i dati strettamente necessari per l\u2019espletamento delle relative funzioni.<br \/>\nL&#8217;elenco aggiornato di tutti i destinatari \u00e8 disponibile presso la sede del Titolare del trattamento e verr\u00e0 fornito a richiesta dell\u2019interessato scrivendo ai recapiti sottoindicati.<\/p>\n<p><strong>7. I TUOI DIRITTI<\/strong><br \/>\nTi informiamo, inoltre, che relativamente ai dati medesimi puoi esercitare in qualsiasi momento i diritti previsti dal CAPO III del GDPR. In particolare, hai diritto di chiedere al Titolare l\u2019accesso ai dati che ti riguardano, la loro rettifica o la cancellazione, l\u2019integrazione dei dati incompleti, la limitazione del trattamento; di ricevere i dati in un formato strutturato, di uso comune e leggibile da dispositivo automatico; di opporti in tutto od in parte, all\u2019utilizzo dei dati; nonch\u00e9 di esercitare gli altri diritti a te riconosciuti dalla disciplina applicabile. Tali diritti possono essere esercitati scrivendo a mezzo posta ai recapiti sottoindicati.<br \/>\nAi sensi dell\u2019art. 77 del GDPR, inoltre, hai diritto di proporre reclamo all\u2019Autorit\u00e0 Garante per la Protezione dei Dati se ritieni che il trattamento dei tuoi dati violi il citato Regolamento.<\/p>\n<p><strong>8. UTILIZZO DEI COOKIE E COOKIE POLICY<\/strong><br \/>\n<em>Definizioni<\/em><br \/>\nI cookie sono stringhe di testo create dall\u2019applicativo web e memorizzati sul client utilizzato dall\u2019utente per accedere ad Internet (pc, smartphone, tablet, ecc.) per poi essere ritrasmessi ai successivi accessi ad Internet dell\u2019utente stesso. I cookie permettono di raccogliere informazioni sulla navigazione effettuata dall\u2019utente sui Siti, per esempio per ricordare le preferenze di lingua o la valuta utilizzata per un acquisto. I cookie possono essere memorizzati in modo permanente sul dispositivo ed avere una durata variabile (c.d. cookie persistenti), ma possono anche svanire con la chiusura del browser o avere una durata limitata (c.d. cookie di sessione). I cookie possono essere installati dal sito che sta visitando (c.d. cookie di prima parte) o possono essere istallati da altri siti web (c.d. cookie di terze parti).<\/p>\n<p><em>Tipologie<\/em><br \/>\nIn base alle caratteristiche e all&#8217;utilizzo dei cookie possiamo distinguere diverse categorie:<br \/>\nCookie strettamente necessari. Si tratta di cookie indispensabili per il corretto funzionamento del Sito e sono utilizzati per gestire la sessione, il login e l&#8217;accesso alle funzioni riservate del sito. La durata dei cookie \u00e8 strettamente limitata alla sessione di lavoro (chiuso il browser vengono cancellati).<br \/>\nCookie di analisi e prestazioni. Sono cookie utilizzati per raccogliere e analizzare il traffico e l&#8217;utilizzo del sito. Questi cookie consentono, per esempio, di rilevare se il medesimo utente torna a collegarsi in momenti diversi. Permettono inoltre di monitorare il sistema e migliorarne le prestazioni e l&#8217;usabilit\u00e0. La disattivazione di tali cookie pu\u00f2 essere eseguita senza alcuna perdita di funzionalit\u00e0.<br \/>\nCookie di profilazione. Si tratta di cookie utilizzati per creare un profilo dell\u2019utente, per poi inviargli messaggi pubblicitari in linea con le preferenze manifestate dallo stesso nel corso della precedente navigazione.<\/p>\n<p><em>Cookie di terze parti<\/em><br \/>\nVisitando un sito web si possono ricevere cookie sia dal sito visitato (\u201cproprietari\u201d), sia da siti gestiti da altre organizzazioni (\u201cterze parti\u201d). Un esempio notevole \u00e8 rappresentato dalla presenza dei \u201csocial plugin\u201d ovvero dalla integrazione delle mappe di terze parti. Si tratta di parti della pagina visitata generate direttamente dai suddetti siti ed integrati nella pagina del sito ospitante. L&#8217;utilizzo pi\u00f9 comune dei social plugin \u00e8 finalizzato alla condivisione dei contenuti sui social network, mentre quello delle mappe permette di localizzare l\u2019attivit\u00e0 secondo le coordinate geografiche stabilite. La presenza di questi servizi comporta la trasmissione di cookie da e verso tutti i siti gestiti da terze parti. La gestione delle informazioni raccolte da \u201cterze parti\u201d \u00e8 disciplinata dalle relative informative cui si prega di fare riferimento.<\/p>\n<p>Per maggiori informazioni sui tipi di cookie, caratteristiche e loro funzionamento \u00e8 possibile consultare i siti http:\/\/www.allaboutcookies.org, www.youronlinechoices.com, http:\/\/cookiepedia.co.uk e il nuovo provvedimento del Garante Privacy Linee guida cookie e altri strumenti di tracciamento &#8211; 10 giugno 2021 (https:\/\/www.garanteprivacy.it\/home\/docweb\/-\/docweb-display\/docweb\/9677876).<\/p>\n<p><em>Quali cookie sono presenti sul nostro sito?<\/em><br \/>\nSul nostro sito sono presenti i cookie indicati nella tabella presente in calce a questo documento. L\u2019utente ha la possibilit\u00e0 di selezionare\/deselezionare le singole categorie di cookie attraverso il banner presente sul sito o tramite la configurazione del proprio browser. Di norma questi programmi permettono anche, con apposita opzione, di bloccare specificatamente i cookie di terze parti. Ciascun browser, presenta procedure diverse per la gestione dei cookie, di seguito riportiamo il link alle istruzioni specifiche di quelli pi\u00f9 diffusi:<br \/>\nMicrosoft Edge: https: \/\/support.microsoft.com\/it-it\/help\/4027947\/microsoft-edge-delete-cookies<br \/>\nGoogle Chrome: https:\/\/support.google.com\/accounts\/answer\/61416?hl=it<br \/>\nApple Safari: http:\/\/support.apple.com\/kb\/HT1677?viewlocale=it_IT<br \/>\nMozilla Firefox: https:\/\/support.mozilla.org\/it\/kb\/Attivare%20e%20disattivare%20i%20cookie<br \/>\nRicordiamo inoltre che, disabilitando completamente i cookie nel browser, l\u2019utente potrebbe non essere in grado di utilizzare tutte le funzionalit\u00e0 interattive.<\/p>\n<p><strong>9. MODIFICHE A QUESTA PRIVACY POLICY<\/strong><br \/>\nBagno Roma Fiumetto S.r.l. quale Titolare del Trattamento si riserva il diritto di apportare modifiche alla presente privacy policy in qualunque momento dandone pubblicit\u00e0 agli Utenti su questa pagina. Si prega dunque di consultare questa pagina prendendo come riferimento la data di ultima modifica indicata in fondo.<\/p>\n<p><strong>10. DATI DI CONTATTO DEL TITOLARE DEL TRATTAMENTO<\/strong><br \/>\nIl Titolare del trattamento \u00e8 Bagno Roma Fiumetto S.r.l., con sede legale in Viale Lungomare n. 35 loc. Fiumetto, 55045 Marina Di Pietrasanta (LU). Indirizzo e-mail: info@bagnoromafiumetto.it<\/p>\n<p>Ultimo aggiornamento: Dicembre 2021<br \/>\nBagno Roma Fiumetto S.r.l.<\/p>\n<p><strong>TABELLA COOKIES<\/strong><\/p>\n<ul>\n<li><strong>Remarketing e behavioral targeting<br \/>\n<\/strong>Questo tipo di servizi consente a questo Sito Web ed ai suoi partner di comunicare, ottimizzare e servire annunci pubblicitari basati sull\u2019utilizzo passato di questo Sito Web da parte dell\u2019Utente.<br \/>\nQuesta attivit\u00e0 viene effettuata tramite il tracciamento dei Dati di Utilizzo e l\u2019uso di Cookie, informazioni che vengono trasferite ai partner a cui l\u2019attivit\u00e0 di remarketing e behavioral targeting \u00e8 collegata.\u2028 In aggiunta alle possibilit\u00e0 di effettuare l\u2019opt-out offerte dai servizi di seguito riportati, l\u2019Utente pu\u00f2 optare per l\u2019esclusione rispetto alla ricezione dei cookie relativi ad un servizio terzo, visitando la <a href=\"http:\/\/optout.networkadvertising.org\/\" target=\"_blank\" rel=\"noopener\">pagina di opt-out del Network Advertising Initiative<\/a>.<\/li>\n<li><strong>Remarketing con Google Analytics per la pubblicit\u00e0 display (Google Inc.)\u2028<\/strong><\/li>\n<li>Google Analytics per la pubblicit\u00e0 display \u00e8 un servizio di remarketing e behavioral targeting fornito da Google Inc. che collega l\u2019attivit\u00e0 di tracciamento effettuata da Google Analytics e dai suoi Cookie con il network di advertising Adwords ed il Cookie Doubleclick.\u2028\u2028 Dati Personali raccolti: Cookie e Dati di utilizzo. \u2028Luogo del trattamento: USA<\/li>\n<li><strong>AdWords Remarketing (Google Inc.)\u2028<\/strong><\/li>\n<li>AdWords Remarketing \u00e8 un servizio di remarketing e behavioral targeting fornito da Google Inc. che collega l\u2019attivit\u00e0 di questo Sito Web con il network di advertising Adwords ed il Cookie Doubleclick.\u2028\u2028 Dati Personali raccolti: Cookie e Dati di utilizzo. \u2028Luogo del trattamento: USA \u2013 <a href=\"http:\/\/www.google.com\/intl\/it\/policies\/privacy\/\">Privacy Policy<\/a> \u2013 <a href=\"https:\/\/www.google.com\/settings\/ads\/onweb\/optout\">Opt Out<\/a>.<\/li>\n<li><strong>Facebook Custom Audience (Facebook, Inc.)\u2028<\/strong><\/li>\n<li>Facebook Custom Audience \u00e8 un servizio di Remarketing e Behavioral Targeting fornito da Facebook, Inc. che collega l\u2019attivit\u00e0 di questo Sito Web con il network di advertising Facebook.\u2028\u2028 Dati Personali raccolti: Cookie e email. \u2028Luogo del trattamento: USA<\/li>\n<li><strong>Facebook Remarketing (Facebook, Inc.)<\/strong><\/li>\n<li><strong>\u2028<\/strong>Facebook Remarketing \u00e8 un servizio di remarketing e behavioral targeting fornito da Facebook, Inc. che collega l\u2019attivit\u00e0 di questo Sito Web con il network di advertising Facebook. \u2028\u2028Dati Personali raccolti: Cookie e Dati di utilizzo. \u2028Luogo del trattamento: USA<\/li>\n<li><strong>Statistica<br \/>\n<\/strong>I servizi contenuti nella presente sezione permettono al Titolare del Trattamento di monitorare e analizzare i dati di traffico e servono a tener traccia del comportamento dell\u2019Utente.<\/li>\n<li><strong>Google Analytics (Google Inc.)\u2028<\/strong><\/li>\n<li>Google Analytics \u00e8 un servizio di analisi web fornito da Google Inc. (\u201cGoogle\u201d). Google utilizza i Dati Personali raccolti allo scopo di tracciare ed esaminare l\u2019utilizzo di questo Sito Web, compilare report e condividerli con gli altri servizi sviluppati da Google.\u2028Google potrebbe utilizzare i Dati Personali per contestualizzare e personalizzare gli annunci del proprio network pubblicitario. \u2028\u2028Dati Personali raccolti: Cookie e Dati di utilizzo. \u2028Luogo del trattamento: USA<\/li>\n<li>\u2028<strong>Monitoraggio conversioni di Facebook Ads (Facebook, Inc.)\u2028<\/strong><\/li>\n<li>Il monitoraggio conversioni di Facebook Ads \u00e8 un servizio di statistiche fornito da Facebook, Inc. che collega i dati provenienti dal network di annunci Facebook con le azioni compiute all\u2019interno di questo Sito Web. \u2028\u2028Dati Personali raccolti: Cookie e Dati di utilizzo. \u2028Luogo del trattamento: USA<\/li>\n<li><strong>Google Tag Manager (Google Inc.)<\/strong><\/li>\n<li><strong>\u2028<\/strong>Google Tag Manager \u00e8 un servizio di statistica fornito da Google Inc.\u2028\u2028 Dati Personali raccolti: Cookie e Dati di utilizzo. \u2028Luogo del trattamento: USA<\/li>\n<li><strong>Monitoraggio conversioni di Google AdWords (Google Inc.)\u2028<\/strong><\/li>\n<li>Il monitoraggio conversioni di Google AdWords \u00e8 un servizio di statistiche fornito da Google Inc. che collega i dati provenienti dal network di annunci Google AdWords con le azioni compiute all\u2019interno di questo Sito Web.\u2028\u2028 Dati Personali raccolti: Cookie e Dati di utilizzo. \u2028Luogo del trattamento: USA<\/li>\n<li><strong>Visualizzazione di contenuti da piattaforme esterne<br \/>\n<\/strong>Questo tipo di servizi permette di visualizzare contenuti ospitati su piattaforme esterne direttamente dalle pagine di questo Sito Web e di interagire con essi.\u2028 Nel caso in cui sia installato un servizio di questo tipo, \u00e8 possibile che, anche nel caso gli Utenti non utilizzino il servizio, lo stesso raccolga dati di traffico relativi alle pagine in cui \u00e8 installato.<\/li>\n<li><strong>Google Fonts (Google Inc.)\u2028<\/strong><\/li>\n<li>Google Fonts \u00e8 un servizio di visualizzazione di stili di carattere gestito da Google Inc. che permette a questo Sito Web di integrare tali contenuti all\u2019interno delle proprie pagine.\u2028\u2028 Dati Personali raccolti: Cookie e Dati di utilizzo. \u2028Luogo del trattamento: USA<\/li>\n<li><strong>Widget Google Maps (Google Inc.)\u2028<\/strong><\/li>\n<li>Google Maps \u00e8 un servizio di visualizzazione di mappe gestito da Google Inc. che permette a questo Sito Web di integrare tali contenuti all\u2019interno delle proprie pagine.\u2028\u2028Dati Personali raccolti: Cookie e Dati di utilizzo. \u2028Luogo del trattamento: USA<\/li>\n<li><strong>Widget Video YouTube (Google Inc.)\u2028<\/strong><\/li>\n<li>YouTube \u00e8 un servizio di visualizzazione di contenuti video gestito da Google Inc. che permette a questo Sito Web di integrare tali contenuti all\u2019interno delle proprie pagine.\u2028\u2028Dati Personali raccolti: Cookie e Dati di utilizzo. \u2028Luogo del trattamento: USA<\/li>\n<\/ul>\n","protected":false},"excerpt":{"rendered":"<p>1. INTRODUZIONE La Tua privacy \u00e8 importante per Bagno Roma Fiumetto S.r.l., pertanto abbiamo adottato una Politica privacy relativa al modo in cui raccogliamo, utilizziamo, divulghiamo, trasferiamo e memorizziamo i tuoi dati. Ti invitiamo a leggere il presente documento per conoscere i nostri criteri di tutela della privacy, e a contattarci per maggiori informazioni. Con [&hellip;]<\/p>\n","protected":false},"author":1,"featured_media":0,"parent":0,"menu_order":0,"comment_status":"closed","ping_status":"open","template":"","meta":[],"aioseo_notices":[],"_links":{"self":[{"href":"https:\/\/www.bagnoromafiumetto.it\/en\/wp-json\/wp\/v2\/pages\/425"}],"collection":[{"href":"https:\/\/www.bagnoromafiumetto.it\/en\/wp-json\/wp\/v2\/pages"}],"about":[{"href":"https:\/\/www.bagnoromafiumetto.it\/en\/wp-json\/wp\/v2\/types\/page"}],"author":[{"embeddable":true,"href":"https:\/\/www.bagnoromafiumetto.it\/en\/wp-json\/wp\/v2\/users\/1"}],"replies":[{"embeddable":true,"href":"https:\/\/www.bagnoromafiumetto.it\/en\/wp-json\/wp\/v2\/comments?post=425"}],"version-history":[{"count":3,"href":"https:\/\/www.bagnoromafiumetto.it\/en\/wp-json\/wp\/v2\/pages\/425\/revisions"}],"predecessor-version":[{"id":441,"href":"https:\/\/www.bagnoromafiumetto.it\/en\/wp-json\/wp\/v2\/pages\/425\/revisions\/441"}],"wp:attachment":[{"href":"https:\/\/www.bagnoromafiumetto.it\/en\/wp-json\/wp\/v2\/media?parent=425"}],"curies":[{"name":"wp","href":"https:\/\/api.w.org\/{rel}","templated":true}]}}